{"id":11,"date":"2022-12-14T10:56:19","date_gmt":"2022-12-14T10:56:19","guid":{"rendered":"https:\/\/dreamnose.hu\/?page_id=11"},"modified":"2024-11-18T17:16:25","modified_gmt":"2024-11-18T17:16:25","slug":"adatkezelesi-tajekoztato","status":"publish","type":"page","link":"https:\/\/dreamnose.hu\/en\/adatkezelesi-tajekoztato\/","title":{"rendered":"Adatkezel\u00e9si t\u00e1j\u00e9koztat\u00f3"},"content":{"rendered":"<div data-elementor-type=\"wp-page\" data-elementor-id=\"11\" class=\"elementor elementor-11\" data-elementor-post-type=\"page\">\n\t\t\t\t<div class=\"elementor-element elementor-element-77fe2018 e-flex e-con-boxed e-con e-parent\" data-id=\"77fe2018\" data-element_type=\"container\" data-e-type=\"container\" data-settings=\"{&quot;background_background&quot;:&quot;classic&quot;}\">\n\t\t\t\t\t<div class=\"e-con-inner\">\n\t\t<div class=\"elementor-element elementor-element-748d9398 e-flex e-con-boxed e-con e-child\" data-id=\"748d9398\" data-element_type=\"container\" data-e-type=\"container\">\n\t\t\t\t\t<div class=\"e-con-inner\">\n\t\t\t\t<div class=\"elementor-element elementor-element-ee12ed6 elementor-widget elementor-widget-heading\" data-id=\"ee12ed6\" data-element_type=\"widget\" data-e-type=\"widget\" data-widget_type=\"heading.default\">\n\t\t\t\t<div class=\"elementor-widget-container\">\n\t\t\t\t\t<h2 class=\"elementor-heading-title elementor-size-default\">Adatkezel\u00e9si<br>t\u00e1j\u00e9koztat\u00f3<\/h2>\t\t\t\t<\/div>\n\t\t\t\t<\/div>\n\t\t\t\t<div class=\"elementor-element elementor-element-39ccf51a elementor-widget-divider--view-line elementor-widget elementor-widget-divider\" data-id=\"39ccf51a\" data-element_type=\"widget\" data-e-type=\"widget\" data-widget_type=\"divider.default\">\n\t\t\t\t<div class=\"elementor-widget-container\">\n\t\t\t\t\t\t\t<div class=\"elementor-divider\">\n\t\t\t<span class=\"elementor-divider-separator\">\n\t\t\t\t\t\t<\/span>\n\t\t<\/div>\n\t\t\t\t\t\t<\/div>\n\t\t\t\t<\/div>\n\t\t\t\t\t<\/div>\n\t\t\t\t<\/div>\n\t\t<div class=\"elementor-element elementor-element-1110ed2e e-flex e-con-boxed e-con e-child\" data-id=\"1110ed2e\" data-element_type=\"container\" data-e-type=\"container\">\n\t\t\t\t\t<div class=\"e-con-inner\">\n\t\t\t\t\t<\/div>\n\t\t\t\t<\/div>\n\t\t\t\t\t<\/div>\n\t\t\t\t<\/div>\n\t\t<div class=\"elementor-element elementor-element-1764006c e-flex e-con-boxed e-con e-parent\" data-id=\"1764006c\" data-element_type=\"container\" data-e-type=\"container\" data-settings=\"{&quot;background_background&quot;:&quot;classic&quot;}\">\n\t\t\t\t\t<div class=\"e-con-inner\">\n\t\t\t\t<div class=\"elementor-element elementor-element-6f08e7de elementor-widget elementor-widget-image\" data-id=\"6f08e7de\" data-element_type=\"widget\" data-e-type=\"widget\" data-widget_type=\"image.default\">\n\t\t\t\t<div class=\"elementor-widget-container\">\n\t\t\t\t\t\t\t\t\t\t\t\t\t\t\t<img decoding=\"async\" width=\"163\" height=\"122\" src=\"https:\/\/dreamnose.hu\/wp-content\/uploads\/2024\/11\/dream-nose-logo-kor-full-001-1.svg\" class=\"attachment-large size-large wp-image-1487\" alt=\"\" \/>\t\t\t\t\t\t\t\t\t\t\t\t\t\t\t<\/div>\n\t\t\t\t<\/div>\n\t\t\t\t\t<\/div>\n\t\t\t\t<\/div>\n\t\t<div class=\"elementor-element elementor-element-1336da8f e-flex e-con-boxed e-con e-parent\" data-id=\"1336da8f\" data-element_type=\"container\" data-e-type=\"container\">\n\t\t\t\t\t<div class=\"e-con-inner\">\n\t\t\t\t<div class=\"elementor-element elementor-element-1c66c6ce elementor-widget elementor-widget-text-editor\" data-id=\"1c66c6ce\" data-element_type=\"widget\" data-e-type=\"widget\" data-widget_type=\"text-editor.default\">\n\t\t\t\t<div class=\"elementor-widget-container\">\n\t\t\t\t\t\t\t\t\t<h4 style=\"text-align: center;\">1. BEVEZET\u0150<\/h4><p style=\"text-align: center;\">Sz\u00e1munkra nagyon fontos, hogy betartsuk az aktu\u00e1lisan \u00e9rv\u00e9nyes adatv\u00e9delmi szab\u00e1lyoz\u00e1st \u00e9s t\u00f6rv\u00e9nyeket, \u00edgy az al\u00e1bbiakban r\u00e9szletesen t\u00e1rgyaljuk bemutatjuk az oldal adatv\u00e9delemre ir\u00e1nyul\u00f3 l\u00e9p\u00e9seit, \u00e9s az adatgy\u0171jt\u00e9ssel kapcsolatos folyamatait.<br \/>Az adatokat Dr. J\u00e1rai Tam\u00e1s kezeli.<\/p><p style=\"text-align: center;\"><strong>Kapcsolati adatok:<\/strong><br \/>Teljes jogi n\u00e9v: Dr. J\u00e1rai Tam\u00e1s<br \/>E-mail c\u00edm: info@dreamnose.hu<\/p><h4 style=\"text-align: center;\">2. MILYEN SZEM\u00c9LYES ADATOKAT KEZEL\u00dcNK, \u00c9S MILYEN OKKAL?<\/h4><p style=\"text-align: center;\">A szem\u00e9lyes adatok azok, amik egy\u00e9rtelm\u0171en lehet\u0151v\u00e9 teszik egy egy\u00e9n pontos azonos\u00edt\u00e1s\u00e1t.\u00a0A dreamnose.hu oldalon az al\u00e1bbi szem\u00e9lyes adatokat kezelj\u00fck, a jogalap pontos megjel\u00f6l\u00e9s\u00e9vel:<\/p><p style=\"text-align: center;\"><strong>KOMMUNIK\u00c1CI\u00d3S ADATOK<\/strong><br \/>Ide tartozik b\u00e1rmilyen \u00fczenet, amit a weboldalon kereszt\u00fcl, e-mailben, k\u00f6z\u00f6ss\u00e9gi m\u00e9dia \u00fczenetben, vagy b\u00e1rmilyen kommunik\u00e1ci\u00f3s form\u00e1ban juttatsz el hozz\u00e1nk. Ezeket az adatokat az\u00e9rt dolgozzuk fel \u00e9s tartjuk meg, hogy a rendel\u00e9seket teljes\u00edteni tudjuk, \u00e9s hogy esetleges jogi ig\u00e9nyek eset\u00e9n d\u00f6nt\u00e9si alapot szolg\u00e1ltassanak.\u00a0A jogalapunk ennek a feldolgoz\u00e1s\u00e1ra a felhaszn\u00e1l\u00f3 igazolhat\u00f3 \u00e9rdekl\u0151d\u00e9se a tev\u00e9kenys\u00e9g\u00fcnk fel\u00e9, ami megnyilv\u00e1nul a nek\u00fcnk c\u00edmzett \u00fczenetekben.<\/p><p style=\"text-align: center;\"><strong>FELHASZN\u00c1L\u00d3I ADATOK<br \/><\/strong>Amibe beletartoznak a weboldal haszn\u00e1lata sor\u00e1n keletkez\u0151 adatok, amik lehet\u0151v\u00e9 teszik az oldal technikai m\u0171k\u00f6d\u00e9s\u00e9t, hogy az oldal biztons\u00e1g\u00e1t meg\u0151rizz\u00fck, hogy ment\u00e9seket t\u00e1roljunk a felhaszn\u00e1l\u00f3k tev\u00e9kenys\u00e9g\u00e9r\u0151l, \u00e9s hogy mindig a lehet\u0151 legrelev\u00e1nsabb tartalomhoz f\u00e9rj hozz\u00e1.\u00a0Az adatok feldolgoz\u00e1s\u00e1nak jogalapja a felhaszn\u00e1l\u00f3 egy\u00e9rtelm\u0171 \u00e9rdekl\u0151d\u00e9se a tev\u00e9kenys\u00e9g\u00fcnk fel\u00e9, aminek a biztos\u00edt\u00e1s\u00e1hoz \u00e9s az oldal technikai m\u0171k\u00f6d\u00e9s\u00e9hez ezeknek a t\u00e1rol\u00e1sa sz\u00fcks\u00e9ges.<\/p><h4 style=\"text-align: center;\">3. HOGYAN GY\u0170JT\u00dcNK ADATOKAT?<\/h4><p style=\"text-align: center;\">Szem\u00e9lyes adatokat gy\u0171jthet\u00fcnk olyan m\u00f3don, hogy a felhaszn\u00e1l\u00f3 direkten biztos\u00edtja a sz\u00e1munkra (p\u00e9ld\u00e1ul egy \u00fczenet k\u00fcld\u00e9s\u00e9vel).\u00a0 Tov\u00e1bb\u00e1 bizonyos adatokat automatikusan ker\u00fclnek gy\u0171jt\u00e9sre az oldal haszn\u00e1lata sor\u00e1n, p\u00e9ld\u00e1ul \u00fa.n. \u201ccookie\u201d-kkal \u00e9s hasonl\u00f3 technol\u00f3gi\u00e1kkal. Ezek csak a felhaszn\u00e1l\u00f3 hozz\u00e1j\u00e1rul\u00e1s\u00e1nak megad\u00e1sa ut\u00e1n l\u00e9pnek m\u0171k\u00f6d\u00e9sbe. B\u0151vebb inform\u00e1ci\u00f3\u00e9rt k\u00e9rj\u00fck n\u00e9zze meg a Cookie Nyilatkozatunkat.<\/p><h4 style=\"text-align: center;\">4. AZ ADATV\u00c9DELEMMEL KAPCSOLATOS GYAKORLATI L\u00c9P\u00c9SINK<\/h4><p style=\"text-align: center;\">A dreamnose.hu oldal sz\u00e1m\u00e1ra rendk\u00edv\u00fcl fontos a felhaszn\u00e1l\u00f3k adatainak v\u00e9delme, \u00e9s a hat\u00e1lyos szab\u00e1lyoz\u00e1snak val\u00f3 megfelel\u00e9s. Ez\u00e9rt az oldalon v\u00e9gzett adatv\u00e9delmi hat\u00e1svizsg\u00e1lat ut\u00e1n list\u00e1t k\u00e9sz\u00edtett\u00fcnk a gy\u0171jt\u00f6tt adatokr\u00f3l, azoknak a sz\u00fcks\u00e9gess\u00e9g\u00e9r\u0151l \u00e9s jogalapj\u00e1r\u00f3l, \u00e9s t\u00f6rv\u00e9nyi megfelel\u0151s\u00e9g\u00e9r\u0151l. Az \u0171rlapokon megadott \u00e9s oldalon keletkez\u0151 adatok v\u00e9delme \u00e9rdek\u00e9ben SSL min\u0151s\u00edt\u00e9st alkalmazunk a teljes weboldalon (Let\u2019s Encrypt Authority X3 certifik\u00e1ci\u00f3).<br \/>Az oldal t\u00e1mad\u00e1s elleni v\u00e9delme \u00e9rdek\u00e9ben pr\u00e9mium biztons\u00e1gi szoftvert (Wordfence) alkalmazunk, hogy \u00fa.n. \u201cbrute force\u201d \u00e9s v\u00edrusos t\u00e1mad\u00e1sok ellen v\u00e9dj\u00fck a t\u00e1rolt adatokat. Az oldal adatb\u00e1zisaiban a felhaszn\u00e1l\u00f3i adatok titkos\u00edtott form\u00e1ban (pszeudonimiz\u00e1lt m\u00f3don) vannak t\u00e1rolva, \u00edgy nem olvashat\u00f3ak k\u00fcls\u0151 f\u00e9l sz\u00e1m\u00e1ra. Jelen adatv\u00e9delmi nyilatkozatban \u0171rlapokon kereszt\u00fcl biztos\u00edtjuk a felhaszn\u00e1l\u00f3k sz\u00e1m\u00e1ra a szem\u00e9lyes adataik kezel\u00e9s\u00e9r\u0151l inform\u00e1ci\u00f3 ig\u00e9nyl\u00e9s\u00e9t, a szem\u00e9lyes adataik m\u00f3dos\u00edt\u00e1s\u00e1t vagy t\u00f6rl\u00e9s\u00e9t.<\/p><h4 style=\"text-align: center;\">5. ADATKEZEL\u00c9S ID\u0150TARTAMA<\/h4><p style=\"text-align: center;\">A felhaszn\u00e1l\u00f3k adatait mindig csak addig t\u00e1roljuk, am\u00edg jogi\/k\u00f6nyvel\u00e9si\/adatszolg\u00e1ltat\u00e1si k\u00f6telezetts\u00e9geink azt k\u00f6telez\u0151v\u00e9 teszik, illetve a szolg\u00e1ltat\u00e1s m\u0171k\u00f6dtet\u00e9s\u00e9hez sz\u00fcks\u00e9ges.\u00a0<br \/>Amikor a t\u00e1rol\u00e1s id\u0151tartam\u00e1r\u00f3l d\u00f6nt\u00fcnk, figyelembe vessz\u00fck az adatok mennyis\u00e9g\u00e9t, jelleg\u00e9t \u00e9s \u00e9rz\u00e9kenys\u00e9g\u00e9t, \u00e9s a kisziv\u00e1rg\u00e1s\u00e1nak potenci\u00e1lis hat\u00e1s\u00e1t adatv\u00e9delmi incidens eset\u00e9n.\u00a0<br \/>Bizonyos k\u00f6r\u00fclm\u00e9nyek k\u00f6z\u00f6tt anonimiz\u00e1lt form\u00e1ban felhaszn\u00e1lhatjuk az adatokat statisztikai c\u00e9lokra, ami esetben t\u00e1j\u00e9koztat\u00e1s n\u00e9lk\u00fcl t\u00e1roljuk korl\u00e1tlan ideig az adatokat.<\/p><h4 style=\"text-align: center;\">6. A L\u00c1TOGAT\u00d3 JOGAI<\/h4><p style=\"text-align: center;\">Az Eur\u00f3pai Uni\u00f3 \u00e1llampolg\u00e1rak\u00e9nt a General Data Protection Regulation (GDPR) elnevez\u00e9s\u0171 t\u00f6rv\u00e9ny a k\u00f6vetkez\u0151 jogokat biztos\u00edtja az oldal felhaszn\u00e1l\u00f3inak:<\/p><p style=\"text-align: center;\"><strong>a, Hozz\u00e1f\u00e9r\u00e9s a szem\u00e9lyes adatokhoz<br \/><\/strong>Az oldal felhaszn\u00e1l\u00f3inak jog\u00e1ban \u00e1ll k\u00e9rnie egy m\u00e1solatot az oldalunk \u00e1ltal t\u00e1rolt szem\u00e9lyes adatokr\u00f3l. A k\u00e9r\u00e9s \u00e1ltal\u00e1nos esetben ingyenesen teljes\u00edt\u00e9sre ker\u00fcl, a k\u00e9rv\u00e9nyez\u00e9s ut\u00e1n 14 napon bel\u00fcl.<\/p><p style=\"text-align: center;\"><strong>b, Szem\u00e9lyes adatok m\u00f3dos\u00edt\u00e1sa<\/strong><br \/>Amennyiben a szem\u00e9lyes adatok m\u00f3dosultak, vagy t\u00e9vesen lettek megadva, a felhaszn\u00e1l\u00f3knak joga van az adatok m\u00f3dos\u00edt\u00e1s\u00e1t k\u00e9rni. A szem\u00e9lyes adatok m\u00f3dos\u00edt\u00e1s\u00e1hoz k\u00e9rj\u00fck keressen fel minket az info@dreamnose.hu e-mail c\u00edmen.<\/p><p style=\"text-align: center;\"><strong>c, Szem\u00e9lyes adatok t\u00f6rl\u00e9s\u00e9nek k\u00e9r\u00e9se<\/strong><br \/>A felhaszn\u00e1l\u00f3knak joga van az \u00f6sszes szem\u00e9lyes adatuk t\u00f6rl\u00e9s\u00e9t k\u00e9rni. A k\u00e9r\u00e9st ingyenesen teljes\u00edtj\u00fck a k\u00e9r\u00e9st k\u00f6vet\u0151 14 napon bel\u00fcl. A szem\u00e9lyes adatok t\u00f6rl\u00e9se ut\u00e1n a felhaszn\u00e1l\u00f3i fi\u00f3k nem lesz el\u00e9rhet\u0151, \u00edgy az esetleg megv\u00e1s\u00e1rolt anyagok is el\u00e9rhetetlenn\u00e9 v\u00e1lnak, mivel a felhaszn\u00e1l\u00f3i fi\u00f3khoz kapcsol\u00f3d\u00f3 szem\u00e9lyes adatok elengedhetetlen\u00fcl sz\u00fcks\u00e9gesek a szolg\u00e1ltat\u00e1s el\u00e9r\u00e9s\u00e9hez.<\/p><p style=\"text-align: center;\"><strong>d, A szem\u00e9lyes adatok feldolgoz\u00e1s\u00e1nak korl\u00e1toz\u00e1s\u00e1nak k\u00e9r\u00e9se<\/strong><br \/>Magyarorsz\u00e1gon az adatv\u00e9delemmel foglalkoz\u00f3 hivatalos szerv a Nemzeti Adatv\u00e9delmi \u00e9s Inform\u00e1ci\u00f3szabads\u00e1g Hat\u00f3s\u00e1g (NAIH). A felhaszn\u00e1l\u00f3k az adatv\u00e9delemmel kapcsolatos jogaikr\u00f3l a NAIH honlapj\u00e1n t\u00e1j\u00e9koz\u00f3dhatnak b\u0151vebben.<\/p><p style=\"text-align: center;\">Nemzeti Adatv\u00e9delmi \u00e9s Inform\u00e1ci\u00f3szabads\u00e1g Hat\u00f3s\u00e1g,<br \/>1125 Budapest, Szil\u00e1gyi Erzs\u00e9bet fasor 22\/C., Levelez\u00e9si c\u00edm: 1530 Budapest, Pf.: 5.,<br \/>Telefon: 06.1.391.1400,<br \/>Fax: 06.1.391.1410,<br \/>E-mail: ugyfelszolgalat@naih.hu<br \/>Honlap: http:\/\/www.naih.hu<\/p><h4 style=\"text-align: center;\">9. ANONIMIZ\u00c1LT ADATOK \u00c9S \u201cCOOKIE-K\u201d<\/h4><p style=\"text-align: center;\">Az oldalon, e-mail \u00fczenetekben \u00e9s hirdet\u00e9sekben haszn\u00e1l \u00fa.n. \u201ccookie\u201d-kat \u00e9s hasonl\u00f3 technol\u00f3gi\u00e1kat, mint k\u00f6vet\u0151k\u00f3dok, re-marketing c\u00edmk\u00e9k, pixelek, amik a felhaszn\u00e1l\u00f3 hozz\u00e1j\u00e1rul\u00e1sa ut\u00e1n l\u00e9pnek m\u0171k\u00f6d\u00e9sbe.\u00a0Ezek a technol\u00f3gi\u00e1k seg\u00edtenek nek\u00fcnk jobban meg\u00e9rteni a felhaszn\u00e1l\u00f3k viselked\u00e9s\u00e9t \u00e9s \u00e9rdekl\u0151d\u00e9s\u00e9t, \u00edgy seg\u00edtve a magasabb sz\u00ednvonal\u00fa \u00e9s hat\u00e9konyabb m\u0171k\u00f6d\u00e9s\u00fcnket.\u00a0A c\u00e9lunk az, hogy a Zaf\u00edrproject oldal haszn\u00e1lata min\u00e9l felhaszn\u00e1l\u00f3bar\u00e1tabb \u00e9s szem\u00e9lyesebb legyen. Amennyiben a felhaszn\u00e1l\u00f3 szeretn\u00e9 megtiltani ezeknek a technol\u00f3gi\u00e1knak a nem szem\u00e9lyes adatok r\u00f6gz\u00edt\u00e9s\u00e9t, az megtehet\u0151 az al\u00e1bbi m\u00f3dokon:\u00a0-a webhelyen megjelen\u0151 cookie figyelmeztet\u00e9sek seg\u00edts\u00e9g\u00e9vel letilthat\u00f3 ezek bet\u00f6lt\u0151d\u00e9se -a b\u00f6ng\u00e9sz\u0151ben a \u201ccookie\u201d-k letilt\u00e1s\u00e1val<\/p><p style=\"text-align: center;\">Az oldalon tal\u00e1lhat\u00f3 tov\u00e1bbi cookie-kkal \u00e9s k\u00f6vet\u0151k\u00f3dokkal kapcsolatban tov\u00e1bbi inform\u00e1ci\u00f3t tal\u00e1lhat a Cookie Nyilatkozatunkban.<\/p>\t\t\t\t\t\t\t\t<\/div>\n\t\t\t\t<\/div>\n\t\t\t\t\t<\/div>\n\t\t\t\t<\/div>\n\t\t\t\t<\/div>","protected":false},"excerpt":{"rendered":"<p>Adatkezel\u00e9sit\u00e1j\u00e9koztat\u00f3 1. BEVEZET\u0150 Sz\u00e1munkra nagyon fontos, hogy betartsuk az aktu\u00e1lisan \u00e9rv\u00e9nyes adatv\u00e9delmi szab\u00e1lyoz\u00e1st \u00e9s t\u00f6rv\u00e9nyeket, \u00edgy az al\u00e1bbiakban r\u00e9szletesen t\u00e1rgyaljuk bemutatjuk az oldal adatv\u00e9delemre ir\u00e1nyul\u00f3 l\u00e9p\u00e9seit, \u00e9s az adatgy\u0171jt\u00e9ssel kapcsolatos folyamatait.Az adatokat Dr. J\u00e1rai Tam\u00e1s kezeli. Kapcsolati adatok:Teljes jogi n\u00e9v: Dr. J\u00e1rai Tam\u00e1sE-mail c\u00edm: info@dreamnose.hu 2. MILYEN SZEM\u00c9LYES ADATOKAT KEZEL\u00dcNK, \u00c9S MILYEN OKKAL? A szem\u00e9lyes [&hellip;]<\/p>\n","protected":false},"author":1,"featured_media":0,"parent":0,"menu_order":0,"comment_status":"closed","ping_status":"closed","template":"elementor_header_footer","meta":{"site-sidebar-layout":"default","site-content-layout":"","ast-site-content-layout":"full-width-container","site-content-style":"default","site-sidebar-style":"default","ast-global-header-display":"","ast-banner-title-visibility":"","ast-main-header-display":"","ast-hfb-above-header-display":"","ast-hfb-below-header-display":"","ast-hfb-mobile-header-display":"","site-post-title":"","ast-breadcrumbs-content":"","ast-featured-img":"","footer-sml-layout":"","ast-disable-related-posts":"","theme-transparent-header-meta":"default","adv-header-id-meta":"","stick-header-meta":"","header-above-stick-meta":"","header-main-stick-meta":"","header-below-stick-meta":"","astra-migrate-meta-layouts":"set","ast-page-background-enabled":"default","ast-page-background-meta":{"desktop":{"background-color":"var(--ast-global-color-4)","background-image":"","background-repeat":"repeat","background-position":"center center","background-size":"auto","background-attachment":"scroll","background-type":"","background-media":"","overlay-type":"","overlay-color":"","overlay-opacity":"","overlay-gradient":""},"tablet":{"background-color":"","background-image":"","background-repeat":"repeat","background-position":"center center","background-size":"auto","background-attachment":"scroll","background-type":"","background-media":"","overlay-type":"","overlay-color":"","overlay-opacity":"","overlay-gradient":""},"mobile":{"background-color":"","background-image":"","background-repeat":"repeat","background-position":"center center","background-size":"auto","background-attachment":"scroll","background-type":"","background-media":"","overlay-type":"","overlay-color":"","overlay-opacity":"","overlay-gradient":""}},"ast-content-background-meta":{"desktop":{"background-color":"var(--ast-global-color-5)","background-image":"","background-repeat":"repeat","background-position":"center center","background-size":"auto","background-attachment":"scroll","background-type":"","background-media":"","overlay-type":"","overlay-color":"","overlay-opacity":"","overlay-gradient":""},"tablet":{"background-color":"var(--ast-global-color-5)","background-image":"","background-repeat":"repeat","background-position":"center center","background-size":"auto","background-attachment":"scroll","background-type":"","background-media":"","overlay-type":"","overlay-color":"","overlay-opacity":"","overlay-gradient":""},"mobile":{"background-color":"var(--ast-global-color-5)","background-image":"","background-repeat":"repeat","background-position":"center center","background-size":"auto","background-attachment":"scroll","background-type":"","background-media":"","overlay-type":"","overlay-color":"","overlay-opacity":"","overlay-gradient":""}},"footnotes":""},"class_list":["post-11","page","type-page","status-publish","hentry"],"yoast_head":"<!-- This site is optimized with the Yoast SEO plugin v27.4 - https:\/\/yoast.com\/product\/yoast-seo-wordpress\/ -->\n<title>Adatkezel\u00e9si t\u00e1j\u00e9koztat\u00f3 - Dr. J\u00e1rai Tam\u00e1s<\/title>\n<meta name=\"robots\" content=\"index, follow, max-snippet:-1, max-image-preview:large, max-video-preview:-1\" \/>\n<link rel=\"canonical\" href=\"https:\/\/dreamnose.hu\/en\/adatkezelesi-tajekoztato\/\" \/>\n<meta property=\"og:locale\" content=\"en_GB\" \/>\n<meta property=\"og:type\" content=\"article\" \/>\n<meta property=\"og:title\" content=\"Adatkezel\u00e9si t\u00e1j\u00e9koztat\u00f3 - Dr. J\u00e1rai Tam\u00e1s\" \/>\n<meta property=\"og:description\" content=\"Adatkezel\u00e9sit\u00e1j\u00e9koztat\u00f3 1. BEVEZET\u0150 Sz\u00e1munkra nagyon fontos, hogy betartsuk az aktu\u00e1lisan \u00e9rv\u00e9nyes adatv\u00e9delmi szab\u00e1lyoz\u00e1st \u00e9s t\u00f6rv\u00e9nyeket, \u00edgy az al\u00e1bbiakban r\u00e9szletesen t\u00e1rgyaljuk bemutatjuk az oldal adatv\u00e9delemre ir\u00e1nyul\u00f3 l\u00e9p\u00e9seit, \u00e9s az adatgy\u0171jt\u00e9ssel kapcsolatos folyamatait.Az adatokat Dr. J\u00e1rai Tam\u00e1s kezeli. Kapcsolati adatok:Teljes jogi n\u00e9v: Dr. J\u00e1rai Tam\u00e1sE-mail c\u00edm: info@dreamnose.hu 2. MILYEN SZEM\u00c9LYES ADATOKAT KEZEL\u00dcNK, \u00c9S MILYEN OKKAL? A szem\u00e9lyes [&hellip;]\" \/>\n<meta property=\"og:url\" content=\"https:\/\/dreamnose.hu\/en\/adatkezelesi-tajekoztato\/\" \/>\n<meta property=\"og:site_name\" content=\"Dr. J\u00e1rai Tam\u00e1s\" \/>\n<meta property=\"article:modified_time\" content=\"2024-11-18T17:16:25+00:00\" \/>\n<meta name=\"twitter:card\" content=\"summary_large_image\" \/>\n<meta name=\"twitter:label1\" content=\"Estimated reading time\" \/>\n\t<meta name=\"twitter:data1\" content=\"5 minutes\" \/>\n<script type=\"application\/ld+json\" class=\"yoast-schema-graph\">{\"@context\":\"https:\\\/\\\/schema.org\",\"@graph\":[{\"@type\":\"WebPage\",\"@id\":\"https:\\\/\\\/dreamnose.hu\\\/adatkezelesi-tajekoztato\\\/\",\"url\":\"https:\\\/\\\/dreamnose.hu\\\/adatkezelesi-tajekoztato\\\/\",\"name\":\"Adatkezel\u00e9si t\u00e1j\u00e9koztat\u00f3 - Dr. J\u00e1rai Tam\u00e1s\",\"isPartOf\":{\"@id\":\"https:\\\/\\\/dreamnose.hu\\\/#website\"},\"primaryImageOfPage\":{\"@id\":\"https:\\\/\\\/dreamnose.hu\\\/adatkezelesi-tajekoztato\\\/#primaryimage\"},\"image\":{\"@id\":\"https:\\\/\\\/dreamnose.hu\\\/adatkezelesi-tajekoztato\\\/#primaryimage\"},\"thumbnailUrl\":\"https:\\\/\\\/dreamnose.hu\\\/wp-content\\\/uploads\\\/2024\\\/11\\\/dream-nose-logo-kor-full-001-1.svg\",\"datePublished\":\"2022-12-14T10:56:19+00:00\",\"dateModified\":\"2024-11-18T17:16:25+00:00\",\"breadcrumb\":{\"@id\":\"https:\\\/\\\/dreamnose.hu\\\/adatkezelesi-tajekoztato\\\/#breadcrumb\"},\"inLanguage\":\"en-GB\",\"potentialAction\":[{\"@type\":\"ReadAction\",\"target\":[\"https:\\\/\\\/dreamnose.hu\\\/adatkezelesi-tajekoztato\\\/\"]}]},{\"@type\":\"ImageObject\",\"inLanguage\":\"en-GB\",\"@id\":\"https:\\\/\\\/dreamnose.hu\\\/adatkezelesi-tajekoztato\\\/#primaryimage\",\"url\":\"https:\\\/\\\/dreamnose.hu\\\/wp-content\\\/uploads\\\/2024\\\/11\\\/dream-nose-logo-kor-full-001-1.svg\",\"contentUrl\":\"https:\\\/\\\/dreamnose.hu\\\/wp-content\\\/uploads\\\/2024\\\/11\\\/dream-nose-logo-kor-full-001-1.svg\"},{\"@type\":\"BreadcrumbList\",\"@id\":\"https:\\\/\\\/dreamnose.hu\\\/adatkezelesi-tajekoztato\\\/#breadcrumb\",\"itemListElement\":[{\"@type\":\"ListItem\",\"position\":1,\"name\":\"Kezd\u0151lap\",\"item\":\"https:\\\/\\\/dreamnose.hu\\\/\"},{\"@type\":\"ListItem\",\"position\":2,\"name\":\"Adatkezel\u00e9si t\u00e1j\u00e9koztat\u00f3\"}]},{\"@type\":\"WebSite\",\"@id\":\"https:\\\/\\\/dreamnose.hu\\\/#website\",\"url\":\"https:\\\/\\\/dreamnose.hu\\\/\",\"name\":\"Dr. J\u00e1rai Tam\u00e1s\",\"description\":\"F\u00fcl-orr g\u00e9g\u00e9sz weboldala\",\"publisher\":{\"@id\":\"https:\\\/\\\/dreamnose.hu\\\/#organization\"},\"potentialAction\":[{\"@type\":\"SearchAction\",\"target\":{\"@type\":\"EntryPoint\",\"urlTemplate\":\"https:\\\/\\\/dreamnose.hu\\\/?s={search_term_string}\"},\"query-input\":{\"@type\":\"PropertyValueSpecification\",\"valueRequired\":true,\"valueName\":\"search_term_string\"}}],\"inLanguage\":\"en-GB\"},{\"@type\":\"Organization\",\"@id\":\"https:\\\/\\\/dreamnose.hu\\\/#organization\",\"name\":\"Dr. J\u00e1rai Tam\u00e1s\",\"url\":\"https:\\\/\\\/dreamnose.hu\\\/\",\"logo\":{\"@type\":\"ImageObject\",\"inLanguage\":\"en-GB\",\"@id\":\"https:\\\/\\\/dreamnose.hu\\\/#\\\/schema\\\/logo\\\/image\\\/\",\"url\":\"https:\\\/\\\/dreamnose.hu\\\/wp-content\\\/uploads\\\/2022\\\/12\\\/Dr.-Jarai-Tamas.png\",\"contentUrl\":\"https:\\\/\\\/dreamnose.hu\\\/wp-content\\\/uploads\\\/2022\\\/12\\\/Dr.-Jarai-Tamas.png\",\"width\":500,\"height\":500,\"caption\":\"Dr. J\u00e1rai Tam\u00e1s\"},\"image\":{\"@id\":\"https:\\\/\\\/dreamnose.hu\\\/#\\\/schema\\\/logo\\\/image\\\/\"},\"sameAs\":[\"https:\\\/\\\/www.instagram.com\\\/dream_nose\\\/\"]}]}<\/script>\n<!-- \/ Yoast SEO plugin. -->","yoast_head_json":{"title":"Adatkezel\u00e9si t\u00e1j\u00e9koztat\u00f3 - Dr. J\u00e1rai Tam\u00e1s","robots":{"index":"index","follow":"follow","max-snippet":"max-snippet:-1","max-image-preview":"max-image-preview:large","max-video-preview":"max-video-preview:-1"},"canonical":"https:\/\/dreamnose.hu\/en\/adatkezelesi-tajekoztato\/","og_locale":"en_GB","og_type":"article","og_title":"Adatkezel\u00e9si t\u00e1j\u00e9koztat\u00f3 - Dr. J\u00e1rai Tam\u00e1s","og_description":"Adatkezel\u00e9sit\u00e1j\u00e9koztat\u00f3 1. BEVEZET\u0150 Sz\u00e1munkra nagyon fontos, hogy betartsuk az aktu\u00e1lisan \u00e9rv\u00e9nyes adatv\u00e9delmi szab\u00e1lyoz\u00e1st \u00e9s t\u00f6rv\u00e9nyeket, \u00edgy az al\u00e1bbiakban r\u00e9szletesen t\u00e1rgyaljuk bemutatjuk az oldal adatv\u00e9delemre ir\u00e1nyul\u00f3 l\u00e9p\u00e9seit, \u00e9s az adatgy\u0171jt\u00e9ssel kapcsolatos folyamatait.Az adatokat Dr. J\u00e1rai Tam\u00e1s kezeli. Kapcsolati adatok:Teljes jogi n\u00e9v: Dr. J\u00e1rai Tam\u00e1sE-mail c\u00edm: info@dreamnose.hu 2. MILYEN SZEM\u00c9LYES ADATOKAT KEZEL\u00dcNK, \u00c9S MILYEN OKKAL? A szem\u00e9lyes [&hellip;]","og_url":"https:\/\/dreamnose.hu\/en\/adatkezelesi-tajekoztato\/","og_site_name":"Dr. J\u00e1rai Tam\u00e1s","article_modified_time":"2024-11-18T17:16:25+00:00","twitter_card":"summary_large_image","twitter_misc":{"Estimated reading time":"5 minutes"},"schema":{"@context":"https:\/\/schema.org","@graph":[{"@type":"WebPage","@id":"https:\/\/dreamnose.hu\/adatkezelesi-tajekoztato\/","url":"https:\/\/dreamnose.hu\/adatkezelesi-tajekoztato\/","name":"Adatkezel\u00e9si t\u00e1j\u00e9koztat\u00f3 - Dr. J\u00e1rai Tam\u00e1s","isPartOf":{"@id":"https:\/\/dreamnose.hu\/#website"},"primaryImageOfPage":{"@id":"https:\/\/dreamnose.hu\/adatkezelesi-tajekoztato\/#primaryimage"},"image":{"@id":"https:\/\/dreamnose.hu\/adatkezelesi-tajekoztato\/#primaryimage"},"thumbnailUrl":"https:\/\/dreamnose.hu\/wp-content\/uploads\/2024\/11\/dream-nose-logo-kor-full-001-1.svg","datePublished":"2022-12-14T10:56:19+00:00","dateModified":"2024-11-18T17:16:25+00:00","breadcrumb":{"@id":"https:\/\/dreamnose.hu\/adatkezelesi-tajekoztato\/#breadcrumb"},"inLanguage":"en-GB","potentialAction":[{"@type":"ReadAction","target":["https:\/\/dreamnose.hu\/adatkezelesi-tajekoztato\/"]}]},{"@type":"ImageObject","inLanguage":"en-GB","@id":"https:\/\/dreamnose.hu\/adatkezelesi-tajekoztato\/#primaryimage","url":"https:\/\/dreamnose.hu\/wp-content\/uploads\/2024\/11\/dream-nose-logo-kor-full-001-1.svg","contentUrl":"https:\/\/dreamnose.hu\/wp-content\/uploads\/2024\/11\/dream-nose-logo-kor-full-001-1.svg"},{"@type":"BreadcrumbList","@id":"https:\/\/dreamnose.hu\/adatkezelesi-tajekoztato\/#breadcrumb","itemListElement":[{"@type":"ListItem","position":1,"name":"Kezd\u0151lap","item":"https:\/\/dreamnose.hu\/"},{"@type":"ListItem","position":2,"name":"Adatkezel\u00e9si t\u00e1j\u00e9koztat\u00f3"}]},{"@type":"WebSite","@id":"https:\/\/dreamnose.hu\/#website","url":"https:\/\/dreamnose.hu\/","name":"Dr. J\u00e1rai Tam\u00e1s","description":"F\u00fcl-orr g\u00e9g\u00e9sz weboldala","publisher":{"@id":"https:\/\/dreamnose.hu\/#organization"},"potentialAction":[{"@type":"SearchAction","target":{"@type":"EntryPoint","urlTemplate":"https:\/\/dreamnose.hu\/?s={search_term_string}"},"query-input":{"@type":"PropertyValueSpecification","valueRequired":true,"valueName":"search_term_string"}}],"inLanguage":"en-GB"},{"@type":"Organization","@id":"https:\/\/dreamnose.hu\/#organization","name":"Dr. J\u00e1rai Tam\u00e1s","url":"https:\/\/dreamnose.hu\/","logo":{"@type":"ImageObject","inLanguage":"en-GB","@id":"https:\/\/dreamnose.hu\/#\/schema\/logo\/image\/","url":"https:\/\/dreamnose.hu\/wp-content\/uploads\/2022\/12\/Dr.-Jarai-Tamas.png","contentUrl":"https:\/\/dreamnose.hu\/wp-content\/uploads\/2022\/12\/Dr.-Jarai-Tamas.png","width":500,"height":500,"caption":"Dr. J\u00e1rai Tam\u00e1s"},"image":{"@id":"https:\/\/dreamnose.hu\/#\/schema\/logo\/image\/"},"sameAs":["https:\/\/www.instagram.com\/dream_nose\/"]}]}},"_links":{"self":[{"href":"https:\/\/dreamnose.hu\/en\/wp-json\/wp\/v2\/pages\/11","targetHints":{"allow":["GET"]}}],"collection":[{"href":"https:\/\/dreamnose.hu\/en\/wp-json\/wp\/v2\/pages"}],"about":[{"href":"https:\/\/dreamnose.hu\/en\/wp-json\/wp\/v2\/types\/page"}],"author":[{"embeddable":true,"href":"https:\/\/dreamnose.hu\/en\/wp-json\/wp\/v2\/users\/1"}],"replies":[{"embeddable":true,"href":"https:\/\/dreamnose.hu\/en\/wp-json\/wp\/v2\/comments?post=11"}],"version-history":[{"count":0,"href":"https:\/\/dreamnose.hu\/en\/wp-json\/wp\/v2\/pages\/11\/revisions"}],"wp:attachment":[{"href":"https:\/\/dreamnose.hu\/en\/wp-json\/wp\/v2\/media?parent=11"}],"curies":[{"name":"wp","href":"https:\/\/api.w.org\/{rel}","templated":true}]}}